{"id":10,"date":"2025-01-02T21:34:48","date_gmt":"2025-01-02T20:34:48","guid":{"rendered":"https:\/\/autobuggy.cz\/?page_id=10"},"modified":"2025-01-26T11:12:13","modified_gmt":"2025-01-26T10:12:13","slug":"domu","status":"publish","type":"page","link":"https:\/\/autobuggy.cz\/","title":{"rendered":"Dom\u016f"},"content":{"rendered":"\n<div class=\"wp-block-cover alignfull is-light\" style=\"padding-top:150px;padding-bottom:150px;min-height:720px;aspect-ratio:unset;\"><span aria-hidden=\"true\" class=\"wp-block-cover__background has-background-dim-100 has-background-dim has-background-gradient\" style=\"background:linear-gradient(35deg,rgb(6,0,151) 0%,rgb(130,4,255) 73%,rgb(193,15,255) 100%)\"><\/span><div class=\"wp-block-cover__inner-container is-layout-flow wp-block-cover-is-layout-flow\">\n<div class=\"inherit-container-width wp-block-group alignwide is-layout-constrained wp-container-core-group-is-layout-55d3092d wp-block-group-is-layout-constrained\">\n<div class=\"wp-block-group alignwide is-layout-constrained wp-block-group-is-layout-constrained\">\n<div class=\"wp-block-cover alignwide has-aspect-ratio\" style=\"padding-top:100px;padding-bottom:100px;aspect-ratio:16\/9;min-height:unset;\"><span aria-hidden=\"true\" class=\"wp-block-cover__background has-background-dim\"><\/span><img loading=\"lazy\" decoding=\"async\" width=\"680\" height=\"384\" class=\"wp-block-cover__image-background wp-image-33\" alt=\"\" src=\"https:\/\/autobuggy.cz\/wp-content\/uploads\/2025\/01\/6f55f940-d67e-4bec-ab82-69c683ece21e.png\" style=\"object-position:46% 21%\" data-object-fit=\"cover\" data-object-position=\"46% 21%\" srcset=\"https:\/\/autobuggy.cz\/wp-content\/uploads\/2025\/01\/6f55f940-d67e-4bec-ab82-69c683ece21e.png 680w, https:\/\/autobuggy.cz\/wp-content\/uploads\/2025\/01\/6f55f940-d67e-4bec-ab82-69c683ece21e-300x169.png 300w\" sizes=\"auto, (max-width: 680px) 100vw, 680px\" \/><div class=\"wp-block-cover__inner-container is-layout-constrained wp-block-cover-is-layout-constrained\">\n<h1 class=\"wp-block-heading has-text-align-left has-white-color has-text-color\">Opravna aut &#8211; Kamenn\u00fd \u00dajezd u \u010cesk\u00fdch Bud\u011bjovic<\/h1>\n\n\n\n<p class=\"has-ast-global-color-4-color has-text-color has-link-color wp-elements-d492c8c9740cad5fd2a384f45b7c8659\">Opravujeme elektrick\u00e9 a mechanick\u00e9 z\u00e1vady vozidel. <\/p>\n\n\n\n<div class=\"wp-block-buttons is-layout-flex wp-block-buttons-is-layout-flex\">\n<div class=\"wp-block-button\"><a class=\"wp-block-button__link wp-element-button\" href=\"#services\">Jak\u00e9 slu\u017eby poskytujeme<\/a><\/div>\n<\/div>\n<\/div><\/div>\n<\/div>\n<\/div>\n<\/div><\/div>\n\n\n\n<div class=\"wp-block-group alignfull has-ast-global-color-5-background-color has-background is-layout-constrained wp-container-core-group-is-layout-9cedb757 wp-block-group-is-layout-constrained\" style=\"padding-bottom:0px\">\n<div class=\"wp-block-columns are-vertically-aligned-top is-layout-flex wp-container-core-columns-is-layout-00723822 wp-block-columns-is-layout-flex\">\n<div class=\"wp-block-column is-vertically-aligned-top is-layout-flow wp-container-core-column-is-layout-6b73ce23 wp-block-column-is-layout-flow\">\n<figure class=\"wp-block-image size-large is-resized\"><img decoding=\"async\" src=\"https:\/\/autobuggy.cz\/wp-content\/themes\/astra\/inc\/assets\/images\/starter-content\/professional.svg\" alt=\"\" style=\"width:auto;height:50px\"\/><\/figure>\n\n\n\n<h3 class=\"wp-block-heading has-text-align-left\" style=\"margin-top:16px\">Profesionalita<\/h3>\n\n\n\n<p class=\"has-text-align-left\">Z\u00e1vady opravujeme kvalitn\u011b, na na\u0161e slu\u017eby se m\u016f\u017eete spolehnout.<\/p>\n<\/div>\n\n\n\n<div class=\"wp-block-column is-vertically-aligned-top is-layout-flow wp-container-core-column-is-layout-6b73ce23 wp-block-column-is-layout-flow\">\n<figure class=\"wp-block-image size-large is-resized\"><img decoding=\"async\" src=\"https:\/\/autobuggy.cz\/wp-content\/themes\/astra\/inc\/assets\/images\/starter-content\/portfolio.svg\" alt=\"\" class=\"wp-image-137\" style=\"width:auto;height:50px\"\/><\/figure>\n\n\n\n<h3 class=\"wp-block-heading has-text-align-left\" style=\"margin-top:16px\">Opravy elektrick\u00fdch z\u00e1vad<\/h3>\n\n\n\n<p class=\"has-text-align-left\">Opravujeme i slo\u017eit\u00e9 probl\u00e9my elektrick\u00fdch syst\u00e9m\u016f vozidel. <\/p>\n<\/div>\n\n\n\n<div class=\"wp-block-column is-vertically-aligned-top is-layout-flow wp-container-core-column-is-layout-6b73ce23 wp-block-column-is-layout-flow\">\n<figure class=\"wp-block-image size-large is-resized\"><img decoding=\"async\" src=\"https:\/\/autobuggy.cz\/wp-content\/themes\/astra\/inc\/assets\/images\/starter-content\/building.svg\" alt=\"\" style=\"width:auto;height:50px\"\/><\/figure>\n\n\n\n<h3 class=\"wp-block-heading has-text-align-left\" style=\"margin-top:16px\">Domluvte si term\u00edn p\u0159edem<\/h3>\n\n\n\n<p class=\"has-text-align-left\">Ozv\u011bte se n\u00e1m a dohodn\u011bte si term\u00edn a dobu opravy. N\u011bkter\u00e9 slu\u017eby m\u016f\u017eeme prov\u00e1d\u011bt i na m\u00edst\u011b \u010di na d\u00e1lku. <\/p>\n<\/div>\n<\/div>\n<\/div>\n\n\n\n<div class=\"wp-block-group alignfull is-layout-constrained wp-container-core-group-is-layout-45b0ac4f wp-block-group-is-layout-constrained\" id=\"services\" style=\"padding-top:144px;padding-bottom:0px\">\n<h2 class=\"wp-block-heading\">Slu\u017eby<\/h2>\n\n\n\n<div class=\"wp-block-group is-layout-grid wp-container-core-group-is-layout-0e82c502 wp-block-group-is-layout-grid\">\n<div class=\"wp-block-columns is-layout-flex wp-container-core-columns-is-layout-28f84493 wp-block-columns-is-layout-flex\">\n<div class=\"wp-block-column is-layout-flow wp-container-core-column-is-layout-6b73ce23 wp-block-column-is-layout-flow\" style=\"flex-basis:100%\">\n<h3 class=\"wp-block-heading\" style=\"margin-top:16px\">Vypnut\u00ed imobiliz\u00e9r\u016f<\/h3>\n\n\n\n<p style=\"padding-top:0;padding-right:0px;padding-bottom:0;padding-left:0px\">Prov\u00e1d\u00edme vypnut\u00ed imobiliz\u00e9ru. Tato slu\u017eba je vhodn\u00e1 pro star\u0161\u00ed vozidla nebo vozy, kde imobiliz\u00e9r zp\u016fsobuje \u010dast\u00e9 poruchy. Proces je prov\u00e1d\u011bn s ohledem na bezpe\u010dnost a funk\u010dnost vozidla, p\u0159i\u010dem\u017e vyu\u017e\u00edv\u00e1me modern\u00ed diagnostick\u00e9 n\u00e1stroje.<\/p>\n<\/div>\n<\/div>\n\n\n\n<div class=\"wp-block-columns is-layout-flex wp-container-core-columns-is-layout-28f84493 wp-block-columns-is-layout-flex\">\n<div class=\"wp-block-column is-layout-flow wp-container-core-column-is-layout-6b73ce23 wp-block-column-is-layout-flow\" style=\"flex-basis:100%\">\n<h3 class=\"wp-block-heading\" style=\"margin-top:16px\">Chip tuning<\/h3>\n\n\n\n<p>Nab\u00edz\u00edme profesion\u00e1ln\u00ed chip tuning pro zv\u00fd\u0161en\u00ed v\u00fdkonu a optimalizaci spot\u0159eby paliva. \u00dapravy jsou prov\u00e1d\u011bny s maxim\u00e1ln\u00ed pe\u010dlivost\u00ed a na m\u00edru va\u0161emu vozu, \u010d\u00edm\u017e zaji\u0161\u0165ujeme spolehliv\u00fd a bezpe\u010dn\u00fd provoz.<\/p>\n<\/div>\n<\/div>\n\n\n\n<div class=\"wp-block-columns is-layout-flex wp-container-core-columns-is-layout-28f84493 wp-block-columns-is-layout-flex\">\n<div class=\"wp-block-column is-layout-flow wp-container-core-column-is-layout-6b73ce23 wp-block-column-is-layout-flow\" style=\"flex-basis:100%\">\n<h3 class=\"wp-block-heading\" style=\"margin-top:16px\">Vypnut\u00ed AdBlue<\/h3>\n\n\n\n<p>\u0158e\u0161\u00edme probl\u00e9my spojen\u00e9 se syst\u00e9mem AdBlue. Vypnut\u00ed tohoto syst\u00e9mu je ide\u00e1ln\u00ed volbou, pokud v\u00e1s tr\u00e1p\u00ed poruchy nebo nefunk\u010dnost syst\u00e9mu, a je prov\u00e1d\u011bno s ohledem na emisn\u00ed normy.<\/p>\n<\/div>\n<\/div>\n\n\n\n<div class=\"wp-block-columns is-layout-flex wp-container-core-columns-is-layout-28f84493 wp-block-columns-is-layout-flex\">\n<div class=\"wp-block-column is-layout-flow wp-container-core-column-is-layout-6b73ce23 wp-block-column-is-layout-flow\" style=\"flex-basis:100%\">\n<h3 class=\"wp-block-heading\" style=\"margin-top:16px\">Odstran\u011bn\u00ed EGR<\/h3>\n\n\n\n<p>Specializujeme se na odstran\u011bn\u00ed EGR ventilu, kter\u00e9 pom\u00e1h\u00e1 p\u0159edch\u00e1zet probl\u00e9m\u016fm s jeho zan\u00e1\u0161en\u00edm. Zlep\u0161\u00edte v\u00fdkon a prodlou\u017e\u00edte \u017eivotnost motoru.<\/p>\n<\/div>\n<\/div>\n\n\n\n<div class=\"wp-block-columns is-layout-flex wp-container-core-columns-is-layout-28f84493 wp-block-columns-is-layout-flex\">\n<div class=\"wp-block-column is-layout-flow wp-container-core-column-is-layout-6b73ce23 wp-block-column-is-layout-flow\" style=\"flex-basis:100%\">\n<h3 class=\"wp-block-heading\" style=\"margin-top:16px\">Vypnut\u00ed FAP\/DPF<\/h3>\n\n\n\n<p>Nab\u00edz\u00edme vypnut\u00ed filtr\u016f pevn\u00fdch \u010d\u00e1stic (FAP\/DPF), co\u017e \u0159e\u0161\u00ed probl\u00e9my s jejich regenerac\u00ed nebo ucp\u00e1v\u00e1n\u00edm. V\u00e1\u0161 v\u016fz tak bude spolehliv\u011bj\u0161\u00ed a l\u00e9pe funguj\u00edc\u00ed.<\/p>\n<\/div>\n<\/div>\n\n\n\n<div class=\"wp-block-columns is-layout-flex wp-container-core-columns-is-layout-28f84493 wp-block-columns-is-layout-flex\">\n<div class=\"wp-block-column is-layout-flow wp-container-core-column-is-layout-6b73ce23 wp-block-column-is-layout-flow\">\n<h3 class=\"wp-block-heading\" style=\"margin-top:16px\">Klonov\u00e1n\u00ed \u0159\u00edd\u00edc\u00edch jednotek<\/h3>\n\n\n\n<p>Prov\u00e1d\u00edme klonov\u00e1n\u00ed \u0159\u00edd\u00edc\u00edch jednotek s vyu\u017eit\u00edm modern\u00ed techniky. Zajist\u00edme identickou kopii st\u00e1vaj\u00edc\u00ed jednotky, co\u017e je ide\u00e1ln\u00ed p\u0159i jej\u00ed v\u00fdm\u011bn\u011b nebo oprav\u011b.<\/p>\n<\/div>\n<\/div>\n\n\n\n<div class=\"wp-block-columns is-layout-flex wp-container-core-columns-is-layout-28f84493 wp-block-columns-is-layout-flex\">\n<div class=\"wp-block-column is-layout-flow wp-container-core-column-is-layout-6b73ce23 wp-block-column-is-layout-flow\">\n<h3 class=\"wp-block-heading\" style=\"margin-top:16px\">P\u0159izp\u016fsoben\u00ed \u0159\u00edd\u00edc\u00ed jednotky<\/h3>\n\n\n\n<p>Zab\u00fdv\u00e1me se p\u0159izp\u016fsoben\u00edm \u0159\u00edd\u00edc\u00edch jednotek pro spr\u00e1vnou komunikaci s va\u0161\u00edm vozem. Slu\u017eba zahrnuje k\u00f3dov\u00e1n\u00ed a nastaven\u00ed na m\u00edru va\u0161im pot\u0159eb\u00e1m.<\/p>\n<\/div>\n<\/div>\n\n\n\n<div class=\"wp-block-columns is-layout-flex wp-container-core-columns-is-layout-28f84493 wp-block-columns-is-layout-flex\">\n<div class=\"wp-block-column is-layout-flow wp-container-core-column-is-layout-6b73ce23 wp-block-column-is-layout-flow\">\n<h3 class=\"wp-block-heading\" style=\"margin-top:16px\">Programov\u00e1n\u00ed kl\u00ed\u010d\u016f Mercedes<\/h3>\n\n\n\n<p>Poskytujeme odborn\u00e9 programov\u00e1n\u00ed kl\u00ed\u010d\u016f Mercedes v\u010detn\u011b jejich p\u0159izp\u016fsoben\u00ed a synchronizace s \u0159\u00edd\u00edc\u00ed jednotkou vozu.<\/p>\n<\/div>\n<\/div>\n\n\n\n<div class=\"wp-block-columns is-layout-flex wp-container-core-columns-is-layout-28f84493 wp-block-columns-is-layout-flex\">\n<div class=\"wp-block-column is-layout-flow wp-container-core-column-is-layout-6b73ce23 wp-block-column-is-layout-flow\">\n<h3 class=\"wp-block-heading\" style=\"margin-top:16px\">Opravy z\u00e1mk\u016f Mercedes EZS a EWS<\/h3>\n\n\n\n<p>Specializujeme se na opravy z\u00e1mk\u016f EZS a EWS u voz\u016f Mercedes. Rychle a efektivn\u011b vy\u0159e\u0161\u00edme probl\u00e9my se z\u00e1mkov\u00fdm syst\u00e9mem.<\/p>\n<\/div>\n<\/div>\n\n\n\n<div class=\"wp-block-columns is-layout-flex wp-container-core-columns-is-layout-28f84493 wp-block-columns-is-layout-flex\">\n<div class=\"wp-block-column is-layout-flow wp-container-core-column-is-layout-6b73ce23 wp-block-column-is-layout-flow\">\n<h3 class=\"wp-block-heading\" style=\"margin-top:16px\">Opravy sp\u00ednac\u00ed sk\u0159\u00ed\u0148ky<\/h3>\n\n\n\n<p>Prov\u00e1d\u00edme opravy sp\u00ednac\u00edch sk\u0159\u00edn\u011bk, kter\u00e9 obnov\u00ed jejich funk\u010dnost a zajist\u00ed spolehliv\u00fd start vozu.<\/p>\n<\/div>\n<\/div>\n\n\n\n<div class=\"wp-block-columns is-layout-flex wp-container-core-columns-is-layout-28f84493 wp-block-columns-is-layout-flex\">\n<div class=\"wp-block-column is-layout-flow wp-container-core-column-is-layout-6b73ce23 wp-block-column-is-layout-flow\">\n<h3 class=\"wp-block-heading\" style=\"margin-top:16px\">Reaktivace jednotek airbag<\/h3>\n\n\n\n<p>Zaji\u0161\u0165ujeme reaktivaci jednotek airbag po nehod\u011b nebo poru\u0161e. Va\u0161e bezpe\u010dnost je na\u0161\u00ed prioritou.<\/p>\n<\/div>\n<\/div>\n\n\n\n<div class=\"wp-block-columns is-layout-flex wp-container-core-columns-is-layout-28f84493 wp-block-columns-is-layout-flex\">\n<div class=\"wp-block-column is-layout-flow wp-container-core-column-is-layout-6b73ce23 wp-block-column-is-layout-flow\">\n<h3 class=\"wp-block-heading\" style=\"margin-top:16px\">Opravy \u0159\u00edd\u00edc\u00edch jednotek DSG p\u0159evodovek<\/h3>\n\n\n\n<p>Nab\u00edz\u00edme profesion\u00e1ln\u00ed opravy \u0159\u00edd\u00edc\u00edch jednotek DSG p\u0159evodovek. \u0158e\u0161\u00edme jak\u00e9koliv z\u00e1vady, abyste si mohli u\u017e\u00edt plynulou a spolehlivou j\u00edzdu.<\/p>\n<\/div>\n<\/div>\n<\/div>\n\n\n\n<div class=\"wp-block-group is-layout-constrained wp-block-group-is-layout-constrained\"><\/div>\n<\/div>\n\n\n\n<div class=\"wp-block-group alignfull has-background is-content-justification-center is-layout-constrained wp-container-core-group-is-layout-afe55ca0 wp-block-group-is-layout-constrained\" id=\"contact\" style=\"background:linear-gradient(35deg,rgb(6,0,151) 0%,rgb(130,4,255) 64%,rgb(193,15,255) 98%);padding-top:104px;padding-bottom:104px\">\n<h2 class=\"wp-block-heading has-text-align-center has-text-color\" style=\"color:#ffffff\">Kontakt<\/h2>\n\n\n\n<div class=\"wp-block-columns alignfull has-medium-font-size is-layout-flex wp-container-core-columns-is-layout-ffc2a936 wp-block-columns-is-layout-flex\" style=\"border-style:none;border-width:0px;margin-top:0px;margin-bottom:0px;padding-top:var(--wp--preset--spacing--60);padding-right:50px;padding-bottom:var(--wp--preset--spacing--60);padding-left:50px\">\n<div class=\"wp-block-column is-layout-constrained wp-container-core-column-is-layout-12243e0f wp-block-column-is-layout-constrained\" style=\"flex-basis:75%\">\n<iframe loading=\"lazy\" style=\"border:none\" src=\"https:\/\/frame.mapy.cz\/s\/kamomoheta\" width=\"100%\" height=\"466\" frameborder=\"0\"><\/iframe>\n<\/div>\n\n\n\n<div class=\"wp-block-column is-layout-flow wp-block-column-is-layout-flow\" style=\"flex-basis:25%\">\n<p class=\"has-ast-global-color-4-color has-text-color has-link-color wp-elements-0f7b8e6b704dda418ec1ecbf226e74f0\">Tibor B\u00fcrger<br>N\u00e1m\u011bst\u00ed 415<br>373 81 Kamenn\u00fd \u00dajezd<\/p>\n\n\n\n<p class=\"has-ast-global-color-4-color has-text-color has-link-color wp-elements-3a4c5ad290fcb42d5aaa029c12b438ca\">Telefon: 603 895 766<br>I\u010c: 72148454<\/p>\n<\/div>\n<\/div>\n<\/div>\n\n\n\n<p><\/p>\n","protected":false},"excerpt":{"rendered":"<p>Profesionalita Z\u00e1vady opravujeme kvalitn\u011b, na na\u0161e slu\u017eby se m\u016f\u017eete spolehnout. Opravy elektrick\u00fdch z\u00e1vad Opravujeme i slo\u017eit\u00e9 probl\u00e9my elektrick\u00fdch syst\u00e9m\u016f vozidel. [&hellip;]<\/p>\n","protected":false},"author":1,"featured_media":0,"parent":0,"menu_order":0,"comment_status":"closed","ping_status":"closed","template":"","meta":{"site-sidebar-layout":"no-sidebar","site-content-layout":"plain-container","ast-site-content-layout":"","site-content-style":"default","site-sidebar-style":"default","ast-global-header-display":"","ast-banner-title-visibility":"","ast-main-header-display":"","ast-hfb-above-header-display":"","ast-hfb-below-header-display":"","ast-hfb-mobile-header-display":"","site-post-title":"disabled","ast-breadcrumbs-content":"","ast-featured-img":"","footer-sml-layout":"","theme-transparent-header-meta":"enabled","adv-header-id-meta":"","stick-header-meta":"","header-above-stick-meta":"","header-main-stick-meta":"","header-below-stick-meta":"","astra-migrate-meta-layouts":"default","ast-page-background-enabled":"default","ast-page-background-meta":{"desktop":{"background-color":"var(--ast-global-color-5)","background-image":"","background-repeat":"repeat","background-position":"center center","background-size":"auto","background-attachment":"scroll","background-type":"","background-media":"","overlay-type":"","overlay-color":"","overlay-opacity":"","overlay-gradient":""},"tablet":{"background-color":"","background-image":"","background-repeat":"repeat","background-position":"center center","background-size":"auto","background-attachment":"scroll","background-type":"","background-media":"","overlay-type":"","overlay-color":"","overlay-opacity":"","overlay-gradient":""},"mobile":{"background-color":"","background-image":"","background-repeat":"repeat","background-position":"center center","background-size":"auto","background-attachment":"scroll","background-type":"","background-media":"","overlay-type":"","overlay-color":"","overlay-opacity":"","overlay-gradient":""}},"ast-content-background-meta":{"desktop":{"background-color":"var(--ast-global-color-4)","background-image":"","background-repeat":"repeat","background-position":"center center","background-size":"auto","background-attachment":"scroll","background-type":"","background-media":"","overlay-type":"","overlay-color":"","overlay-opacity":"","overlay-gradient":""},"tablet":{"background-color":"var(--ast-global-color-4)","background-image":"","background-repeat":"repeat","background-position":"center center","background-size":"auto","background-attachment":"scroll","background-type":"","background-media":"","overlay-type":"","overlay-color":"","overlay-opacity":"","overlay-gradient":""},"mobile":{"background-color":"var(--ast-global-color-4)","background-image":"","background-repeat":"repeat","background-position":"center center","background-size":"auto","background-attachment":"scroll","background-type":"","background-media":"","overlay-type":"","overlay-color":"","overlay-opacity":"","overlay-gradient":""}},"footnotes":""},"class_list":["post-10","page","type-page","status-publish","hentry"],"yoast_head":"<!-- This site is optimized with the Yoast SEO plugin v24.1 - https:\/\/yoast.com\/wordpress\/plugins\/seo\/ -->\n<title>Dom\u016f - www.autobuggy.cz<\/title>\n<meta name=\"robots\" content=\"index, follow, max-snippet:-1, max-image-preview:large, max-video-preview:-1\" \/>\n<link rel=\"canonical\" href=\"https:\/\/autobuggy.cz\/\" \/>\n<meta property=\"og:locale\" content=\"cs_CZ\" \/>\n<meta property=\"og:type\" content=\"article\" \/>\n<meta property=\"og:title\" content=\"Dom\u016f - www.autobuggy.cz\" \/>\n<meta property=\"og:description\" content=\"Profesionalita Z\u00e1vady opravujeme kvalitn\u011b, na na\u0161e slu\u017eby se m\u016f\u017eete spolehnout. Opravy elektrick\u00fdch z\u00e1vad Opravujeme i slo\u017eit\u00e9 probl\u00e9my elektrick\u00fdch syst\u00e9m\u016f vozidel. [&hellip;]\" \/>\n<meta property=\"og:url\" content=\"https:\/\/autobuggy.cz\/\" \/>\n<meta property=\"og:site_name\" content=\"www.autobuggy.cz\" \/>\n<meta property=\"article:modified_time\" content=\"2025-01-26T10:12:13+00:00\" \/>\n<meta property=\"og:image\" content=\"https:\/\/autobuggy.cz\/wp-content\/uploads\/2025\/01\/6f55f940-d67e-4bec-ab82-69c683ece21e.png\" \/>\n<meta name=\"twitter:card\" content=\"summary_large_image\" \/>\n<meta name=\"twitter:label1\" content=\"Odhadovan\u00e1 doba \u010dten\u00ed\" \/>\n\t<meta name=\"twitter:data1\" content=\"3 minuty\" \/>\n<script type=\"application\/ld+json\" class=\"yoast-schema-graph\">{\"@context\":\"https:\/\/schema.org\",\"@graph\":[{\"@type\":\"WebPage\",\"@id\":\"https:\/\/autobuggy.cz\/\",\"url\":\"https:\/\/autobuggy.cz\/\",\"name\":\"Dom\u016f - www.autobuggy.cz\",\"isPartOf\":{\"@id\":\"https:\/\/autobuggy.cz\/#website\"},\"primaryImageOfPage\":{\"@id\":\"https:\/\/autobuggy.cz\/#primaryimage\"},\"image\":{\"@id\":\"https:\/\/autobuggy.cz\/#primaryimage\"},\"thumbnailUrl\":\"https:\/\/autobuggy.cz\/wp-content\/uploads\/2025\/01\/6f55f940-d67e-4bec-ab82-69c683ece21e.png\",\"datePublished\":\"2025-01-02T20:34:48+00:00\",\"dateModified\":\"2025-01-26T10:12:13+00:00\",\"breadcrumb\":{\"@id\":\"https:\/\/autobuggy.cz\/#breadcrumb\"},\"inLanguage\":\"cs\",\"potentialAction\":[{\"@type\":\"ReadAction\",\"target\":[\"https:\/\/autobuggy.cz\/\"]}]},{\"@type\":\"ImageObject\",\"inLanguage\":\"cs\",\"@id\":\"https:\/\/autobuggy.cz\/#primaryimage\",\"url\":\"https:\/\/autobuggy.cz\/wp-content\/uploads\/2025\/01\/6f55f940-d67e-4bec-ab82-69c683ece21e.png\",\"contentUrl\":\"https:\/\/autobuggy.cz\/wp-content\/uploads\/2025\/01\/6f55f940-d67e-4bec-ab82-69c683ece21e.png\",\"width\":680,\"height\":384},{\"@type\":\"BreadcrumbList\",\"@id\":\"https:\/\/autobuggy.cz\/#breadcrumb\",\"itemListElement\":[{\"@type\":\"ListItem\",\"position\":1,\"name\":\"Dom\u016f\",\"item\":\"https:\/\/autobuggy.cz\/\"},{\"@type\":\"ListItem\",\"position\":2,\"name\":\"Dom\u016f\"}]},{\"@type\":\"WebSite\",\"@id\":\"https:\/\/autobuggy.cz\/#website\",\"url\":\"https:\/\/autobuggy.cz\/\",\"name\":\"www.autobuggy.cz\",\"description\":\"\",\"publisher\":{\"@id\":\"https:\/\/autobuggy.cz\/#organization\"},\"potentialAction\":[{\"@type\":\"SearchAction\",\"target\":{\"@type\":\"EntryPoint\",\"urlTemplate\":\"https:\/\/autobuggy.cz\/?s={search_term_string}\"},\"query-input\":{\"@type\":\"PropertyValueSpecification\",\"valueRequired\":true,\"valueName\":\"search_term_string\"}}],\"inLanguage\":\"cs\"},{\"@type\":\"Organization\",\"@id\":\"https:\/\/autobuggy.cz\/#organization\",\"name\":\"www.autobuggy.cz\",\"url\":\"https:\/\/autobuggy.cz\/\",\"logo\":{\"@type\":\"ImageObject\",\"inLanguage\":\"cs\",\"@id\":\"https:\/\/autobuggy.cz\/#\/schema\/logo\/image\/\",\"url\":\"https:\/\/autobuggy.cz\/wp-content\/uploads\/2025\/01\/logo-white.png\",\"contentUrl\":\"https:\/\/autobuggy.cz\/wp-content\/uploads\/2025\/01\/logo-white.png\",\"width\":1480,\"height\":692,\"caption\":\"www.autobuggy.cz\"},\"image\":{\"@id\":\"https:\/\/autobuggy.cz\/#\/schema\/logo\/image\/\"}}]}<\/script>\n<!-- \/ Yoast SEO plugin. -->","yoast_head_json":{"title":"Dom\u016f - www.autobuggy.cz","robots":{"index":"index","follow":"follow","max-snippet":"max-snippet:-1","max-image-preview":"max-image-preview:large","max-video-preview":"max-video-preview:-1"},"canonical":"https:\/\/autobuggy.cz\/","og_locale":"cs_CZ","og_type":"article","og_title":"Dom\u016f - www.autobuggy.cz","og_description":"Profesionalita Z\u00e1vady opravujeme kvalitn\u011b, na na\u0161e slu\u017eby se m\u016f\u017eete spolehnout. Opravy elektrick\u00fdch z\u00e1vad Opravujeme i slo\u017eit\u00e9 probl\u00e9my elektrick\u00fdch syst\u00e9m\u016f vozidel. [&hellip;]","og_url":"https:\/\/autobuggy.cz\/","og_site_name":"www.autobuggy.cz","article_modified_time":"2025-01-26T10:12:13+00:00","og_image":[{"url":"https:\/\/autobuggy.cz\/wp-content\/uploads\/2025\/01\/6f55f940-d67e-4bec-ab82-69c683ece21e.png","type":"","width":"","height":""}],"twitter_card":"summary_large_image","twitter_misc":{"Odhadovan\u00e1 doba \u010dten\u00ed":"3 minuty"},"schema":{"@context":"https:\/\/schema.org","@graph":[{"@type":"WebPage","@id":"https:\/\/autobuggy.cz\/","url":"https:\/\/autobuggy.cz\/","name":"Dom\u016f - www.autobuggy.cz","isPartOf":{"@id":"https:\/\/autobuggy.cz\/#website"},"primaryImageOfPage":{"@id":"https:\/\/autobuggy.cz\/#primaryimage"},"image":{"@id":"https:\/\/autobuggy.cz\/#primaryimage"},"thumbnailUrl":"https:\/\/autobuggy.cz\/wp-content\/uploads\/2025\/01\/6f55f940-d67e-4bec-ab82-69c683ece21e.png","datePublished":"2025-01-02T20:34:48+00:00","dateModified":"2025-01-26T10:12:13+00:00","breadcrumb":{"@id":"https:\/\/autobuggy.cz\/#breadcrumb"},"inLanguage":"cs","potentialAction":[{"@type":"ReadAction","target":["https:\/\/autobuggy.cz\/"]}]},{"@type":"ImageObject","inLanguage":"cs","@id":"https:\/\/autobuggy.cz\/#primaryimage","url":"https:\/\/autobuggy.cz\/wp-content\/uploads\/2025\/01\/6f55f940-d67e-4bec-ab82-69c683ece21e.png","contentUrl":"https:\/\/autobuggy.cz\/wp-content\/uploads\/2025\/01\/6f55f940-d67e-4bec-ab82-69c683ece21e.png","width":680,"height":384},{"@type":"BreadcrumbList","@id":"https:\/\/autobuggy.cz\/#breadcrumb","itemListElement":[{"@type":"ListItem","position":1,"name":"Dom\u016f","item":"https:\/\/autobuggy.cz\/"},{"@type":"ListItem","position":2,"name":"Dom\u016f"}]},{"@type":"WebSite","@id":"https:\/\/autobuggy.cz\/#website","url":"https:\/\/autobuggy.cz\/","name":"www.autobuggy.cz","description":"","publisher":{"@id":"https:\/\/autobuggy.cz\/#organization"},"potentialAction":[{"@type":"SearchAction","target":{"@type":"EntryPoint","urlTemplate":"https:\/\/autobuggy.cz\/?s={search_term_string}"},"query-input":{"@type":"PropertyValueSpecification","valueRequired":true,"valueName":"search_term_string"}}],"inLanguage":"cs"},{"@type":"Organization","@id":"https:\/\/autobuggy.cz\/#organization","name":"www.autobuggy.cz","url":"https:\/\/autobuggy.cz\/","logo":{"@type":"ImageObject","inLanguage":"cs","@id":"https:\/\/autobuggy.cz\/#\/schema\/logo\/image\/","url":"https:\/\/autobuggy.cz\/wp-content\/uploads\/2025\/01\/logo-white.png","contentUrl":"https:\/\/autobuggy.cz\/wp-content\/uploads\/2025\/01\/logo-white.png","width":1480,"height":692,"caption":"www.autobuggy.cz"},"image":{"@id":"https:\/\/autobuggy.cz\/#\/schema\/logo\/image\/"}}]}},"_links":{"self":[{"href":"https:\/\/autobuggy.cz\/index.php?rest_route=\/wp\/v2\/pages\/10","targetHints":{"allow":["GET"]}}],"collection":[{"href":"https:\/\/autobuggy.cz\/index.php?rest_route=\/wp\/v2\/pages"}],"about":[{"href":"https:\/\/autobuggy.cz\/index.php?rest_route=\/wp\/v2\/types\/page"}],"author":[{"embeddable":true,"href":"https:\/\/autobuggy.cz\/index.php?rest_route=\/wp\/v2\/users\/1"}],"replies":[{"embeddable":true,"href":"https:\/\/autobuggy.cz\/index.php?rest_route=%2Fwp%2Fv2%2Fcomments&post=10"}],"version-history":[{"count":30,"href":"https:\/\/autobuggy.cz\/index.php?rest_route=\/wp\/v2\/pages\/10\/revisions"}],"predecessor-version":[{"id":68,"href":"https:\/\/autobuggy.cz\/index.php?rest_route=\/wp\/v2\/pages\/10\/revisions\/68"}],"wp:attachment":[{"href":"https:\/\/autobuggy.cz\/index.php?rest_route=%2Fwp%2Fv2%2Fmedia&parent=10"}],"curies":[{"name":"wp","href":"https:\/\/api.w.org\/{rel}","templated":true}]}}